{"id":24,"date":"2017-05-01T18:19:41","date_gmt":"2017-05-01T16:19:41","guid":{"rendered":"http:\/\/www.lesilencedelariviere.fr\/?page_id=24"},"modified":"2018-01-02T05:59:26","modified_gmt":"2018-01-02T04:59:26","slug":"localisation","status":"publish","type":"page","link":"https:\/\/lesilencedelariviere.fr\/index.php\/localisation\/","title":{"rendered":"Localisation"},"content":{"rendered":"<p>&nbsp;<\/p>\n<p><em><span style=\"color: #0000ff;\">Le g\u00eete <strong>Le Silence de la Rivi\u00e8re\u00a0<\/strong>est situ\u00e9 au 3bis, lieu dit La Rivi\u00e8re sur la commune de Lurcy-L\u00e9vis dans le D\u00e9partement de l&rsquo;Allier en Auvergne.<\/span><\/em><\/p>\n<p><strong>Coordonn\u00e9es GPS :<\/strong><br \/>\n<strong>&#8211; N 46\u00b045.424<\/strong><br \/>\n<strong>&#8211; E 002\u00b055.709<\/strong><\/p>\n<div class=\"iframe-wrapper\">\n  <iframe src=\"https:\/\/www.google.com\/maps\/embed?pb=!1m18!1m12!1m3!1d87500.94830542243!2d2.8410630716455048!3d46.73720328555158!2m3!1f0!2f0!3f0!3m2!1i1024!2i768!4f13.1!3m3!1m2!1s0x47f08b4083a9dfc1%3A0x3267b2c8de7aef21!2s03320+Lurcy-L%C3%A9vis%2C+France!5e0!3m2!1sfr!2sbe!4v1493656198118\" frameborder=\"0\" style=\"height:900px;width:1200px;\">Please upgrade your browser<\/iframe>\n<\/div>\n<p><span style=\"color: #0000ff;\"><i>Lurcy-L\u00e9vis, son circuit et le\u00a0<\/i><\/span><span style=\"color: #0000ff;\"><em>Site \u00ab\u00a0Street Art City\u00a0\u00bb : 4 km<\/em><\/span><\/p>\n<p><span style=\"color: #0000ff;\"><em>Sancoins et son march\u00e9 : 8 km<\/em><\/span><\/p>\n<p><span style=\"color: #0000ff;\"><i>Magny-Cours, son circuit, sa piste de karting et son minigolf : 32 km<\/i><\/span><\/p>\n<p><em><span style=\"color: #0000ff;\">Nevers et Moulins : 40 km<\/span><\/em><\/p>\n<p><em><span style=\"color: #0000ff;\">Bourges et Montlu\u00e7on : 60 km<\/span><\/em><\/p>\n<p><em><span style=\"color: #0000ff;\">Clermont-Ferrand et le Massif central : 140 km<\/span><\/em><\/p>\n<p><em><span style=\"color: #0000ff;\">Paris : 290 km<\/span><\/em><\/p>\n<p><em><span style=\"color: #0000ff;\">Bruxelles : 590 km<\/span><\/em><\/p>\n<p>&nbsp;<\/p>\n<p>&nbsp;<\/p>\n","protected":false},"excerpt":{"rendered":"<p>&nbsp; Le g\u00eete Le Silence de la Rivi\u00e8re\u00a0est situ\u00e9 au 3bis, lieu dit La Rivi\u00e8re sur la commune de Lurcy-L\u00e9vis dans le D\u00e9partement de l&rsquo;Allier en Auvergne. Coordonn\u00e9es GPS : &#8211; N 46\u00b045.424 &#8211; E 002\u00b055.709 Please upgrade your browser Lurcy-L\u00e9vis, son circuit et le\u00a0Site \u00ab\u00a0Street Art City\u00a0\u00bb : 4 km Sancoins et son march\u00e9 &hellip; <\/p>\n<p class=\"link-more\"><a href=\"https:\/\/lesilencedelariviere.fr\/index.php\/localisation\/\" class=\"more-link\">Continuer la lecture<span class=\"screen-reader-text\"> de &laquo;&nbsp;Localisation&nbsp;&raquo;<\/span><\/a><\/p>\n","protected":false},"author":1,"featured_media":0,"parent":0,"menu_order":0,"comment_status":"closed","ping_status":"closed","template":"","meta":[],"_links":{"self":[{"href":"https:\/\/lesilencedelariviere.fr\/index.php\/wp-json\/wp\/v2\/pages\/24"}],"collection":[{"href":"https:\/\/lesilencedelariviere.fr\/index.php\/wp-json\/wp\/v2\/pages"}],"about":[{"href":"https:\/\/lesilencedelariviere.fr\/index.php\/wp-json\/wp\/v2\/types\/page"}],"author":[{"embeddable":true,"href":"https:\/\/lesilencedelariviere.fr\/index.php\/wp-json\/wp\/v2\/users\/1"}],"replies":[{"embeddable":true,"href":"https:\/\/lesilencedelariviere.fr\/index.php\/wp-json\/wp\/v2\/comments?post=24"}],"version-history":[{"count":34,"href":"https:\/\/lesilencedelariviere.fr\/index.php\/wp-json\/wp\/v2\/pages\/24\/revisions"}],"predecessor-version":[{"id":542,"href":"https:\/\/lesilencedelariviere.fr\/index.php\/wp-json\/wp\/v2\/pages\/24\/revisions\/542"}],"wp:attachment":[{"href":"https:\/\/lesilencedelariviere.fr\/index.php\/wp-json\/wp\/v2\/media?parent=24"}],"curies":[{"name":"wp","href":"https:\/\/api.w.org\/{rel}","templated":true}]}}