{"id":301,"date":"2017-07-15T15:27:02","date_gmt":"2017-07-15T13:27:02","guid":{"rendered":"http:\/\/www.lesilencedelariviere.fr\/?page_id=301"},"modified":"2025-12-06T09:45:26","modified_gmt":"2025-12-06T08:45:26","slug":"activites","status":"publish","type":"page","link":"https:\/\/lesilencedelariviere.fr\/index.php\/activites\/","title":{"rendered":"Activit\u00e9s"},"content":{"rendered":"<p><strong>\u00a0<\/strong>A LURCY-LEVIS (4 km)<\/p>\n<ul>\n<li>Office de Tourisme de Moulins et sa r\u00e9gion<\/li>\n<\/ul>\n<p><a href=\"http:\/\/www.moulins-tourisme.com\">http:\/\/www.moulins-tourisme.com<\/a><\/p>\n<ul>\n<li>Bureau d&rsquo;information de Lurcy-L\u00e9vis<\/li>\n<\/ul>\n<p>E-Mail : <a href=\"mailto:bienvenue@pays-bourbon.com\">bienvenue@pays-bourbon.com<\/a><\/p>\n<ul>\n<li>Street Art City \u00a0: \u00a0un chantier artistique perp\u00e9tuel<\/li>\n<\/ul>\n<p><a href=\"http:\/\/www.street-art-city.com\">http:\/\/www.street-art-city.com<\/a><\/p>\n<ul>\n<li>Le Circuit : un circuit d&rsquo;exception pour des essais dans les r\u00e8gles de l&rsquo;art<\/li>\n<\/ul>\n<p><a href=\"http:\/\/www.circuit-lurcy-levis.com\">http:\/\/www.circuit-lurcy-levis.com<\/a><\/p>\n<ul>\n<li>Plan d&rsquo;eau des S\u00e9zeaux : promenade, p\u00eache, jeux pour enfants, parcours sant\u00e9, minigolf, &#8230;<\/li>\n<li>Courts de tennis ext\u00e9rieurs<\/li>\n<li>Randonn\u00e9es p\u00e9destres ou \u00e0 v\u00e9lo<\/li>\n<li>March\u00e9 tous les lundis matin<\/li>\n<\/ul>\n<p>AUX ALENTOURS<\/p>\n<ul>\n<li>Ch\u00e2teau-sur-Allier (8 km) : la Maison Bourbonnaise de la Chavann\u00e9e<\/li>\n<\/ul>\n<p><a href=\"http:\/\/chateau-sur-allier.pagesperso-orange.fr\/\">http:\/\/chateau-sur-allier.pagesperso-orange.fr\/<\/a><\/p>\n<ul>\n<li>Sancoins (8 km) : march\u00e9 tous les mercredis matin<\/li>\n<li>Le Veurdre (12 km) : descente de l&rsquo;Allier en kayak, Maison de la Batellerie<\/li>\n<li>Bessais-le-Fromental (15 km) &#8211; le village loisirs de Goule : diverses activit\u00e9s sportives dont nautiques<\/li>\n<li>La For\u00eat de\u00a0Tron\u00e7ais\u00a0(15 km) : l&rsquo;un des plus beaux massifs forestiers de France<\/li>\n<li>Apremont-sur-Allier (26 km) : village m\u00e9di\u00e9val pittoresque class\u00e9 parmi les plus beaux villages de France &#8211; son Parc floral, son mus\u00e9e des cal\u00e8ches et son Ch\u00e2teau<\/li>\n<li>Bourbon l&rsquo;Archambault (26 km) : sa forteresse m\u00e9di\u00e9vale et son quartier historique &#8211; son casino<\/li>\n<li>Charenton du Charenton-du-Cher (31 km) : Domaine de Revert : parc animaliers &#8211; espaces de jeux pour enfants &#8211; espace filets dans les arbres &#8211; www.domainederevert.com<\/li>\n<li>Magny-Cours (32 km) : le circuit, le\u00a0karting et le minigolf<\/li>\n<li>Souvigny (34 km) : grand site clunisien<\/li>\n<li>Meillant (40 km) : le Ch\u00e2teau et son Parc<\/li>\n<li>Moulins (40 km)<\/li>\n<li>Nevers (40 km)<\/li>\n<li>Saint-Amand-Montrond (48 km) : parc d&rsquo;attractions Sam Parc &#8211; www.samparc.fr<\/li>\n<li>Bourges (60 km)<\/li>\n<li>Bourges (60km) : la Cath\u00e9drale Saint-Etienne<\/li>\n<li>Montlu\u00e7on (60 km)<\/li>\n<li>Saint-Pour\u00e7ain-sur-Bresbre (75 km) : parc d&rsquo;attractions et parc zoologique le PAL<\/li>\n<li>Clermont-Ferrand (142 km) : cha\u00eene des Puys, Vulcania, Volcan de Lempt\u00e9gy, &#8230;<\/li>\n<\/ul>\n","protected":false},"excerpt":{"rendered":"<p>\u00a0A LURCY-LEVIS (4 km) Office de Tourisme de Moulins et sa r\u00e9gion http:\/\/www.moulins-tourisme.com Bureau d&rsquo;information de Lurcy-L\u00e9vis E-Mail : bienvenue@pays-bourbon.com Street Art City \u00a0: \u00a0un chantier artistique perp\u00e9tuel http:\/\/www.street-art-city.com Le Circuit : un circuit d&rsquo;exception pour des essais dans les r\u00e8gles de l&rsquo;art http:\/\/www.circuit-lurcy-levis.com Plan d&rsquo;eau des S\u00e9zeaux : promenade, p\u00eache, jeux pour enfants, parcours &hellip; <\/p>\n<p class=\"link-more\"><a href=\"https:\/\/lesilencedelariviere.fr\/index.php\/activites\/\" class=\"more-link\">Continuer la lecture<span class=\"screen-reader-text\"> de &laquo;&nbsp;Activit\u00e9s&nbsp;&raquo;<\/span><\/a><\/p>\n","protected":false},"author":2,"featured_media":0,"parent":0,"menu_order":0,"comment_status":"closed","ping_status":"closed","template":"","meta":[],"_links":{"self":[{"href":"https:\/\/lesilencedelariviere.fr\/index.php\/wp-json\/wp\/v2\/pages\/301"}],"collection":[{"href":"https:\/\/lesilencedelariviere.fr\/index.php\/wp-json\/wp\/v2\/pages"}],"about":[{"href":"https:\/\/lesilencedelariviere.fr\/index.php\/wp-json\/wp\/v2\/types\/page"}],"author":[{"embeddable":true,"href":"https:\/\/lesilencedelariviere.fr\/index.php\/wp-json\/wp\/v2\/users\/2"}],"replies":[{"embeddable":true,"href":"https:\/\/lesilencedelariviere.fr\/index.php\/wp-json\/wp\/v2\/comments?post=301"}],"version-history":[{"count":48,"href":"https:\/\/lesilencedelariviere.fr\/index.php\/wp-json\/wp\/v2\/pages\/301\/revisions"}],"predecessor-version":[{"id":1052,"href":"https:\/\/lesilencedelariviere.fr\/index.php\/wp-json\/wp\/v2\/pages\/301\/revisions\/1052"}],"wp:attachment":[{"href":"https:\/\/lesilencedelariviere.fr\/index.php\/wp-json\/wp\/v2\/media?parent=301"}],"curies":[{"name":"wp","href":"https:\/\/api.w.org\/{rel}","templated":true}]}}