{"id":5,"date":"2017-05-01T17:50:03","date_gmt":"2017-05-01T15:50:03","guid":{"rendered":"http:\/\/www.lesilencedelariviere.fr\/?page_id=5"},"modified":"2025-12-06T08:47:32","modified_gmt":"2025-12-06T07:47:32","slug":"description","status":"publish","type":"page","link":"https:\/\/lesilencedelariviere.fr\/","title":{"rendered":"Description"},"content":{"rendered":"<p><span style=\"color: #0000ff;\"><strong>Logement : g\u00eete <\/strong><\/span><\/p>\n<p><strong><span style=\"color: #0000ff;\">Environnement<\/span><\/strong><\/p>\n<p><span style=\"color: #3366ff;\"><em>Am\u00e9nag\u00e9 dans une ancienne grange \u00e0 c\u00f4t\u00e9 de l&rsquo;habitation du propri\u00e9taire, il se trouve sur un terrain d&rsquo;un hectare entour\u00e9 de prairies et de bois.<\/em><\/span><\/p>\n<p><span style=\"color: #3366ff;\"><em>Dans une voie sans issue et \u00e0 650 m\u00e8tres d&rsquo;une d\u00e9partementale, il invite au repos, \u00e0 la d\u00e9tente et, loin des bruits quotidiens, \u00e0 la (re)d\u00e9couverte des charmes d&rsquo;un environnement naturel<\/em><\/span><\/p>\n<p><span style=\"color: #3366ff;\"><em>Les arbres \u00e0 m\u00eame la rue ont d\u00fb \u00eatre coup\u00e9s par mesure de s\u00e9curit\u00e9. Des arbrisseaux ont \u00e9t\u00e9 plant\u00e9s dans le terrain d\u00e9but d\u00e9cembre 2025.<\/em><\/span><\/p>\n<p><strong><span style=\"color: #0000ff;\"><span style=\"font-family: 'Libre Franklin', 'Helvetica Neue', helvetica, arial, sans-serif;\"><span style=\"font-size: medium;\">Capacit\u00e9\u00a0d&rsquo;accueil<\/span><\/span><\/span><\/strong><span style=\"color: #0000ff;\"><span style=\"font-family: 'Libre Franklin', 'Helvetica Neue', helvetica, arial, sans-serif;\"><span style=\"font-size: medium;\"> :<\/span><\/span><\/span><em><span style=\"color: #0000ff;\"><span style=\"font-family: 'Libre Franklin', 'Helvetica Neue', helvetica, arial, sans-serif;\"><span style=\"font-size: medium;\"> 8 personnes et un b\u00e9b\u00e9 &#8211; location possible \u00e0 partir de 2 personnes<\/span><\/span><\/span><\/em><\/p>\n<p><strong><span style=\"color: #0000ff;\"><span style=\"font-family: 'Libre Franklin', 'Helvetica Neue', helvetica, arial, sans-serif;\"><span style=\"font-size: medium;\">Surf<\/span><\/span><\/span><span style=\"color: #0000ff;\"><span style=\"font-family: 'Libre Franklin', 'Helvetica Neue', helvetica, arial, sans-serif;\"><span style=\"font-size: medium;\">ace<\/span><\/span><\/span><\/strong><span style=\"color: #0000ff;\"><span style=\"font-family: 'Libre Franklin', 'Helvetica Neue', helvetica, arial, sans-serif;\"><span style=\"font-size: medium;\"> :<\/span><\/span><\/span> <em><span style=\"color: #0000ff;\"><span style=\"font-family: 'Libre Franklin', 'Helvetica Neue', helvetica, arial, sans-serif;\"><span style=\"font-size: medium;\">100 m2<\/span><\/span><\/span><\/em><\/p>\n<p><strong><em><span style=\"color: #0000ff;\"><span style=\"font-family: 'Libre Franklin', 'Helvetica Neue', helvetica, arial, sans-serif;\"><span style=\"font-size: medium;\">Non fumeur<\/span><\/span><\/span><\/em><\/strong><\/p>\n<p><strong><span style=\"color: #0000ff;\"><span style=\"font-family: 'Libre Franklin', 'Helvetica Neue', helvetica, arial, sans-serif;\"><span style=\"font-size: medium;\">Am\u00e9nage<\/span><\/span><\/span><span style=\"color: #0000ff;\"><span style=\"font-family: 'Libre Franklin', 'Helvetica Neue', helvetica, arial, sans-serif;\"><span style=\"font-size: medium;\">ment int\u00e9rieur<\/span><\/span><\/span><\/strong><em><span style=\"color: #0000ff;\"><span style=\"font-family: 'Libre Franklin', 'Helvetica Neue', helvetica, arial, sans-serif;\"><span style=\"font-size: medium;\">:<\/span><\/span><\/span><\/em><\/p>\n<p><span style=\"color: #0000ff;\"><span style=\"font-family: 'Libre Franklin', 'Helvetica Neue', helvetica, arial, sans-serif;\"><span style=\"font-size: medium;\">Cuisine<\/span><\/span><\/span><em><span style=\"color: #0000ff;\"><span style=\"font-family: 'Libre Franklin', 'Helvetica Neue', helvetica, arial, sans-serif;\"><span style=\"font-size: medium;\"> :<span style=\"color: #3366ff;\"> plaque de cuisson \u00e9lectrique (4 feux), four \u00e9lectrique, r\u00e9frig\u00e9rateur cong\u00e9lateur, lave-vaisselle, micro-ondes, bouilloire \u00e9lectrique, machine \u00e0 caf\u00e9 Senseo, grille-pain, presse-fruits, &#8230;<\/span><\/span><\/span><\/span><\/em><\/p>\n<p><span style=\"color: #0000ff;\"><span style=\"font-family: 'Libre Franklin', 'Helvetica Neue', helvetica, arial, sans-serif;\"><span style=\"font-size: medium;\">Salle \u00e0 mange<\/span><\/span><\/span><em><span style=\"color: #0000ff;\"><span style=\"font-family: 'Libre Franklin', 'Helvetica Neue', helvetica, arial, sans-serif;\"><span style=\"font-size: medium;\">r :<span style=\"color: #3366ff;\"> table pour 8 personnes et chaise haute b\u00e9b\u00e9<\/span><\/span><\/span><\/span><\/em><\/p>\n<p><span style=\"color: #0000ff;\"><span style=\"font-family: 'Libre Franklin', 'Helvetica Neue', helvetica, arial, sans-serif;\"><span style=\"font-size: medium;\">Salon<\/span><\/span><\/span><em><span style=\"color: #0000ff;\"><span style=\"font-family: 'Libre Franklin', 'Helvetica Neue', helvetica, arial, sans-serif;\"><span style=\"font-size: medium;\"> : <span style=\"color: #3366ff;\">2 canap\u00e9s 3 places + \u00a01 canap\u00e9 2 places<\/span><\/span><\/span><\/span><\/em><\/p>\n<p><span style=\"color: #0000ff;\"><span style=\"font-family: 'Libre Franklin', 'Helvetica Neue', helvetica, arial, sans-serif;\"><span style=\"font-size: medium;\">Climatiseur<\/span><\/span><\/span><span style=\"color: #3366ff;\"><em><span style=\"font-family: 'Libre Franklin', 'Helvetica Neue', helvetica, arial, sans-serif;\"><span style=\"font-size: medium;\"> r\u00e9versible au rez-de-chauss\u00e9e<\/span><\/span><\/em><\/span><\/p>\n<p><span style=\"color: #0000ff;\"><span style=\"font-family: 'Libre Franklin', 'Helvetica Neue', helvetica, arial, sans-serif;\"><span style=\"font-size: medium;\">Equipements audiovisuels<\/span><\/span><\/span><em><span style=\"color: #0000ff;\"><span style=\"font-family: 'Libre Franklin', 'Helvetica Neue', helvetica, arial, sans-serif;\"><span style=\"font-size: medium;\"> : <span style=\"color: #3366ff;\">t\u00e9l\u00e9vision \u00e9cran plat de 102 cm (avec des cha\u00eenes radio)<\/span><\/span><\/span><\/span><\/em><\/p>\n<p><span style=\"color: #3366ff;\"><span style=\"font-family: 'Libre Franklin', 'Helvetica Neue', helvetica, arial, sans-serif;\"><span style=\"font-size: medium;\">Lave-linge et s\u00e8che-linge &#8211; s\u00e9choir sur pied &#8211; table \u00e0 repasser &#8211;\u00a0 fer \u00e0 repasser (\u00e0 remettre au d\u00e9part)<\/span><\/span><\/span><\/p>\n<p><span style=\"color: #0000ff;\"><span style=\"font-family: 'Libre Franklin', 'Helvetica Neue', helvetica, arial, sans-serif;\"><span style=\"font-size: medium;\">Chambres<\/span><\/span><em><span style=\"font-family: 'Libre Franklin', 'Helvetica Neue', helvetica, arial, sans-serif;\"><span style=\"font-size: medium;\">\u00a0:<\/span><\/span><\/em><\/span><\/p>\n<p><span style=\"color: #3366ff;\"><em><span style=\"font-family: 'Libre Franklin', 'Helvetica Neue', helvetica, arial, sans-serif;\"><span style=\"font-size: medium;\">&#8211; 1 chambre au rez-de-chauss\u00e9e avec 2 lits 1 personne (90&#215;190) plac\u00e9s ensemble ou s\u00e9par\u00e9ment\u00a0<\/span><\/span><\/em><\/span><\/p>\n<p><span style=\"color: #3366ff;\"><em><span style=\"font-family: 'Libre Franklin', 'Helvetica Neue', helvetica, arial, sans-serif;\"><span style=\"font-size: medium;\">&#8211; 3 chambres\u00a0\u00e0 l&rsquo;\u00e9tage avec lits 2 personnes (2x140x190 et 1x160x200) dont une chambre avec lit b\u00e9b\u00e9 et coussin matelas \u00e0 langer<\/span><\/span><\/em><\/span><\/p>\n<p><span style=\"color: #3366ff;\"><em><span style=\"font-family: 'Libre Franklin', 'Helvetica Neue', helvetica, arial, sans-serif;\"><span style=\"font-size: medium;\">&#8211; <strong>DANS CHAQUE CHAMBRE<\/strong>, \u00a0douche avec colonne hydromassante, lavabo, miroir avec \u00e9clairage LED et position anti-bu\u00e9e, radiateur s\u00e8che-serviettes \u00e9lectrique et store velux occultant<\/span><\/span><\/em><\/span><\/p>\n<p><span style=\"color: #3366ff;\"><span style=\"font-family: 'Libre Franklin', 'Helvetica Neue', helvetica, arial, sans-serif;\"><span style=\"font-size: medium;\">S\u00e8che-cheveux : 2 (\u00e0 remettre au d\u00e9part)<\/span><\/span><\/span><\/p>\n<p><span style=\"font-family: 'Libre Franklin', 'Helvetica Neue', helvetica, arial, sans-serif; color: #0000ff;\"><span style=\"font-size: medium;\">Toilettes : 2 avec lavabo<\/span><\/span><\/p>\n<p><span style=\"color: #0000ff;\"><strong><span style=\"font-family: 'Libre Franklin', 'Helvetica Neue', helvetica, arial, sans-serif;\"><span style=\"font-size: medium;\">Equipements ext\u00e9rieurs<\/span><\/span><em><span style=\"font-family: 'Libre Franklin', 'Helvetica Neue', helvetica, arial, sans-serif;\"><span style=\"font-size: medium;\"> : <\/span><\/span><\/em><\/strong><\/span><\/p>\n<p><em><span style=\"color: #0000ff;\"><span style=\"font-family: 'Libre Franklin', 'Helvetica Neue', helvetica, arial, sans-serif;\"><span style=\"font-size: medium;\">&#8211; terrasse priv\u00e9e avec\u00a0<\/span><\/span><span style=\"font-family: 'Libre Franklin', 'Helvetica Neue', helvetica, arial, sans-serif;\"><span style=\"font-size: medium;\">table, chaises de jardin, parasol et BBQ<br \/>\n<\/span><\/span><span style=\"font-family: 'Libre Franklin', 'Helvetica Neue', helvetica, arial, sans-serif;\"><span style=\"font-size: medium;\">&#8211; acc\u00e8s \u00e0 la piscine (s\u00e9curis\u00e9e &#8211; 7,20 m de diam\u00e8tre &#8211; <strong>chauff\u00e9e et accessible du 13\/05 au 20\/09 si les circonstances climatiques le permettent<\/strong>) et \u00e0 la terrasse (6&#215;12 m) d<\/span><\/span><\/span><\/em><em><span style=\"color: #0000ff;\"><span style=\"font-family: 'Libre Franklin', 'Helvetica Neue', helvetica, arial, sans-serif;\"><span style=\"font-size: medium;\">u propri\u00e9taire avec table et chaises de jardin, parasol, chaises longues, salon de jardin et matelas de piscine<\/span><\/span><\/span><\/em><em><span style=\"color: #0000ff;\"><span style=\"font-family: 'Libre Franklin', 'Helvetica Neue', helvetica, arial, sans-serif;\"><span style=\"font-size: medium;\"><br \/>\n<\/span><\/span><\/span><\/em><em><span style=\"color: #0000ff;\"><span style=\"font-family: 'Libre Franklin', 'Helvetica Neue', helvetica, arial, sans-serif;\"><span style=\"font-size: medium;\">&#8211; douche <\/span><\/span><\/span><\/em><em><span style=\"color: #0000ff;\"><span style=\"font-family: 'Libre Franklin', 'Helvetica Neue', helvetica, arial, sans-serif;\"><span style=\"font-size: medium;\">solaire<\/span><\/span><\/span><\/em><\/p>\n<p><em><span style=\"color: #0000ff;\"><span style=\"font-family: 'Libre Franklin', 'Helvetica Neue', helvetica, arial, sans-serif;\"><span style=\"font-size: medium;\">Parking priv\u00e9 pour 5 v\u00e9hicules dans la propri\u00e9t\u00e9<\/span><\/span><\/span><\/em><\/p>\n<p><em><span style=\"color: #0000ff;\"><span style=\"font-family: 'Libre Franklin', 'Helvetica Neue', helvetica, arial, sans-serif;\"><span style=\"font-size: medium;\">Chenil de 3x3m (sur demande &#8211; nettoyage \u00e0 charge du preneur<\/span><\/span><\/span><\/em><\/p>\n<p><span style=\"color: #0000ff;\"><span style=\"font-family: 'Libre Franklin', 'Helvetica Neue', helvetica, arial, sans-serif;\"><span style=\"font-size: medium;\"><strong>\u00c0 votre disposition :<\/strong><\/span><\/span><\/span><\/p>\n<p><em><span style=\"color: #0000ff;\"><span style=\"font-family: 'Libre Franklin', 'Helvetica Neue', helvetica, arial, sans-serif;\"><span style=\"font-size: medium;\">portique avec 4 agr\u00e8s, boules de p\u00e9tanque, filet de badminton avec 4 raquettes, m\u00f6lkky et, sous abri,\u00a0<\/span><\/span><\/span><\/em><em><span style=\"color: #0000ff;\"><span style=\"font-family: 'Libre Franklin', 'Helvetica Neue', helvetica, arial, sans-serif;\"><span style=\"font-size: medium;\">table de\u00a0\u00a0ping-pong et baby-foot\/kicker pour adolescents (notamment, pour adultes).<\/span><\/span><\/span><\/em><\/p>\n<p><span style=\"color: #333333;\"><span style=\"font-family: 'Libre Franklin', 'Helvetica Neue', helvetica, arial, sans-serif;\"><span style=\"font-size: medium;\">\u00a0<\/span><\/span><\/span><\/p>\n","protected":false},"excerpt":{"rendered":"<p>Logement : g\u00eete Environnement Am\u00e9nag\u00e9 dans une ancienne grange \u00e0 c\u00f4t\u00e9 de l&rsquo;habitation du propri\u00e9taire, il se trouve sur un terrain d&rsquo;un hectare entour\u00e9 de prairies et de bois. Dans une voie sans issue et \u00e0 650 m\u00e8tres d&rsquo;une d\u00e9partementale, il invite au repos, \u00e0 la d\u00e9tente et, loin des bruits quotidiens, \u00e0 la (re)d\u00e9couverte &hellip; <\/p>\n<p class=\"link-more\"><a href=\"https:\/\/lesilencedelariviere.fr\/\" class=\"more-link\">Continuer la lecture<span class=\"screen-reader-text\"> de &laquo;&nbsp;Description&nbsp;&raquo;<\/span><\/a><\/p>\n","protected":false},"author":1,"featured_media":0,"parent":0,"menu_order":0,"comment_status":"closed","ping_status":"closed","template":"","meta":[],"_links":{"self":[{"href":"https:\/\/lesilencedelariviere.fr\/index.php\/wp-json\/wp\/v2\/pages\/5"}],"collection":[{"href":"https:\/\/lesilencedelariviere.fr\/index.php\/wp-json\/wp\/v2\/pages"}],"about":[{"href":"https:\/\/lesilencedelariviere.fr\/index.php\/wp-json\/wp\/v2\/types\/page"}],"author":[{"embeddable":true,"href":"https:\/\/lesilencedelariviere.fr\/index.php\/wp-json\/wp\/v2\/users\/1"}],"replies":[{"embeddable":true,"href":"https:\/\/lesilencedelariviere.fr\/index.php\/wp-json\/wp\/v2\/comments?post=5"}],"version-history":[{"count":105,"href":"https:\/\/lesilencedelariviere.fr\/index.php\/wp-json\/wp\/v2\/pages\/5\/revisions"}],"predecessor-version":[{"id":1046,"href":"https:\/\/lesilencedelariviere.fr\/index.php\/wp-json\/wp\/v2\/pages\/5\/revisions\/1046"}],"wp:attachment":[{"href":"https:\/\/lesilencedelariviere.fr\/index.php\/wp-json\/wp\/v2\/media?parent=5"}],"curies":[{"name":"wp","href":"https:\/\/api.w.org\/{rel}","templated":true}]}}